{"id":3162,"date":"2019-07-24T20:45:29","date_gmt":"2019-07-24T18:45:29","guid":{"rendered":"https:\/\/coralliumdunamar.lopesan.com\/?page_id=3162"},"modified":"2019-07-24T20:45:29","modified_gmt":"2019-07-24T18:45:29","slug":"cookies","status":"publish","type":"page","link":"https:\/\/coralliumdunamar.lopesan.com\/de\/cookies\/","title":{"rendered":"Cookies"},"content":{"rendered":"<div class=\"wpb-content-wrapper\"><p>[vc_row dfd_enable_overlay=&#8220;&#8220; css=&#8220;.vc_custom_1560965708944{padding-top: 60px !important;padding-right: 15px !important;padding-bottom: 60px !important;padding-left: 15px !important;}&#8220;][vc_column][vc_column_text css_animation=&#8220;fadeInUp&#8220;]Diese Webseite setzt Cookies ein. Ein Cookie ist ein kleines Textarchiv, das auf der Festplatte gespeichert werden kann, um gewisse Informationen \u00fcber den Benutzer abzuspeichern, welche nur von jener Webseite gelesen werden k\u00f6nnen, die den besagten Cookie gesendet hat. Cookies k\u00f6nnen in keinem Fall ausf\u00fchrende Archive sein oder einen Virus enthalten.<\/p>\n<p>Lopesan verwendet Cookies einzig und allein zum Zweck, Informationen dar\u00fcber zu erhalten, wie die Benutzer auf der Webseite www.lopesan.com navigieren. So wird es Lopesan erm\u00f6glicht, seine Leistungen f\u00fcr seine Benutzer zu verbessern, indem Lopesan zum Beispiel erf\u00e4hrt, f\u00fcr welche Leistungen die st\u00e4rkste Nachfrage besteht. Daf\u00fcr ben\u00fctzen wir das analytische Service Google Analytics, welches von Google, Inc. angeboten wird. Daher wird die Information dar\u00fcber, wie die Webseite ben\u00fctzt wird, direkt von Google \u00fcbermittelt und am Server der Vereinigten Staaten, der diese Informationen in unserem Auftrag verarbeitet, abgespeichert, mit dem einzigen Ziel, uns die Informationen \u00fcber die Aktivit\u00e4t auf der Webseite zukommen zu lassen und weitere Leistungen, welche mit der Aktivit\u00e4t der Webseite und der Verwendung des Internets im Zusammenhang stehen, anzubieten. In keinem Fall wird Ihre IP mit weiteren Leistungen, die Google anbietet, in Verbindung gebracht.<\/p>\n<p>Die Cookies, welche wir anwenden, sammeln keine pers\u00f6nlichen Daten unserer Benutzer (Namen, Nachnamen, Adresse, Bankdaten oder andere Daten). Au\u00dferdem haben wir folgende Punkte eingeleitet, um Ihre Privatsph\u00e4re besser zu sch\u00fctzen:<\/p>\n<p><span style=\"color: #0089a9;\">\u2022<\/span> Wir haben einen Vertrag mit Google \u00fcber die Behandlung der Daten abgeschlossen. Dieser Vertrag stellt sicher, dass die Verwendung der Daten ausschlie\u00dflich zum von Lopesan festgelegten Zweck erfolgt.<br \/>\n<span style=\"color: #0089a9;\">\u2022<\/span> Ihre IP wird verschl\u00fcsselt, sodass Google keinen Zugang dazu hat. Auf diese Art und Weise ist die statistische Information der Cookies, welche von Lopesan verwendet werden, komplett anonym und dient ausschlie\u00dflich statistischen Zwecken.<\/p>\n<p>Im Folgenden beschreiben wir die Cookies, welche von Lopesan auf dieser Webseite eingesetzt werden, im Detail: [\/vc_column_text][vc_column_text css=&#8220;.vc_custom_1562762294042{margin-top: 30px !important;margin-bottom: 30px !important;}&#8220;]<\/p>\n<style type=\"text\/css\">\n.tg  {border-collapse:collapse;border-spacing:0;}<br \/>.tg td{font-family:Lato;font-size:14px;padding:0px 0px;border-style:solid;border-width:1px;overflow:hidden;word-break:normal;border-color:black;}<br \/>.tg th{font-family:Lato;font-size:14px;font-weight:normal;padding:0px 0px;border-style:solid;border-width:1px;overflow:hidden;word-break:normal;border-color:black;}<br \/>.tg .tg-s268{text-align:left}<br \/><\/style>\n<table class=\"tg\">\n<tbody>\n<tr>\n<th class=\"tg-s268\" style=\"text-align: left;\"><span style=\"color: #0089a9;\">COOKIE<\/span><\/th>\n<th class=\"tg-s268\" style=\"text-align: left;\"><span style=\"color: #0089a9;\">DAUER<\/span><\/th>\n<th class=\"tg-s268\" style=\"text-align: left;\"><span style=\"color: #0089a9;\">INFORMATION, DIE WIR DADURCH ERHALTEN<\/span><\/th>\n<\/tr>\n<tr>\n<td class=\"tg-s268\"><span style=\"color: #565656;\">_utma<\/span><\/td>\n<td class=\"tg-s268\"><span style=\"color: #565656;\">2 Jahre<\/span><\/td>\n<td class=\"tg-s268\"><span style=\"color: #565656;\">Es erm\u00f6glicht uns herauszufinden, welchen Browser die Benutzer verwenden und so k\u00f6nnen wir unsere Webseite f\u00fcr diese Browser optimieren.<\/span><\/td>\n<\/tr>\n<tr>\n<td class=\"tg-s268\"><span style=\"color: #565656;\">_utmb<\/span><\/td>\n<td class=\"tg-s268\"><span style=\"color: #565656;\">30 Minuten<\/span><\/td>\n<td class=\"tg-s268\"><span style=\"color: #565656;\">Es erm\u00f6glicht uns, Benutzer einzig zu statistischen Zwecken zu identifizieren und so k\u00f6nnen wir in Erfahrung bringen, wie viele reale Besucher die Webseite hat.<\/span><\/td>\n<\/tr>\n<tr>\n<td class=\"tg-s268\"><span style=\"color: #565656;\">_utmc<\/span><\/td>\n<td class=\"tg-s268\"><span style=\"color: #565656;\">L\u00e4uft mit Beendigung der Sitzung ab<\/span><\/td>\n<td class=\"tg-s268\"><span style=\"color: #565656;\">Es erm\u00f6glicht uns, Benutzer einzig zu statistischen Zwecken zu identifizieren und so k\u00f6nnen wir in Erfahrung bringen, wie viele reale Besucher die Webseite hat.<\/span><\/td>\n<\/tr>\n<tr>\n<td class=\"tg-s268\"><span style=\"color: #565656;\">_utmz<\/span><\/td>\n<td class=\"tg-s268\"><span style=\"color: #565656;\">6 Monate<\/span><\/td>\n<td class=\"tg-s268\"><span style=\"color: #565656;\">Es erm\u00f6glicht uns, in Erfahrung zu bringen, wie jeder Benutzer auf die Webseite gekommen ist (Suche in Google, Bing, Yahoo&#8230;).<\/span><\/td>\n<\/tr>\n<tr>\n<td class=\"tg-s268\"><span style=\"color: #565656;\">_utmv<\/span><\/td>\n<td class=\"tg-s268\"><span style=\"color: #565656;\">L\u00e4uft mit Beendigung der Sitzung ab<\/span><\/td>\n<td class=\"tg-s268\"><span style=\"color: #565656;\">Es erm\u00f6glicht uns, in Erfahrung zu bringen, welche Teile der Webseite von jedem Benutzer besucht werden und so wissen wir, welche Leistungen am meisten gesucht werden. So k\u00f6nnen wir uns mehr darauf konzentrieren, jene Bereiche zu verbessern, die die Benutzer wirklich interessieren.<\/span><\/td>\n<\/tr>\n<tr>\n<td class=\"tg-s268\"><span style=\"color: #565656;\">PHPSESSID<\/span><\/td>\n<td class=\"tg-s268\"><span style=\"color: #565656;\">L\u00e4uft mit Beendigung der Sitzung ab<\/span><\/td>\n<td class=\"tg-s268\"><span style=\"color: #565656;\">Es erm\u00f6glicht die Speicherung der SESSION-Variablen auf dem Webserver. Dieser Cookie ist essentiell f\u00fcr den Betrieb der Webseite.<\/span><\/td>\n<\/tr>\n<tr>\n<td class=\"tg-s268\">_ga<\/td>\n<td class=\"tg-s268\">2 Jahre<\/td>\n<td class=\"tg-s268\">Google Analytics verwendet dieser Cookie, um den Zweck des Besuchs eines Nutzers zu bewerten, Berichte \u00fcber die Aktivit\u00e4t der Website f\u00fcr seine Nutzer zu sammeln und die Kundenerfahrung zu verbessern.<\/td>\n<\/tr>\n<tr>\n<td class=\"tg-s268\"><span style=\"color: #565656;\">_ym_uid<\/span><\/td>\n<td class=\"tg-s268\"><span style=\"color: #565656;\">2 Jahre<\/span><\/td>\n<td class=\"tg-s268\"><span style=\"color: #565656;\">Dieser Cookie wird verwendet, um den Traffic dieser Website zu messen und zu analysieren. Es ist der Cookie, der vom Yandex Metrica-Skript der Yandex-Firma verwendet wird.<\/span><\/td>\n<\/tr>\n<tr>\n<td class=\"tg-s268\"><span style=\"color: #565656;\">cto_lwid<\/span><\/td>\n<td class=\"tg-s268\"><span style=\"color: #565656;\">1 Jahre<\/span><\/td>\n<td class=\"tg-s268\"><\/td>\n<\/tr>\n<tr>\n<td class=\"tg-s268\"><span style=\"color: #565656;\">mp_*<\/span><\/td>\n<td class=\"tg-s268\"><span style=\"color: #565656;\">1 Jahre<\/span><\/td>\n<td class=\"tg-s268\"><span style=\"color: #565656;\">Erm\u00f6glicht die Verfolgung der Seiten, die der Benutzer in det Website besucht hat<\/span><\/td>\n<\/tr>\n<tr>\n<td class=\"tg-s268\"><span style=\"color: #565656;\">csrftoken<\/span><\/td>\n<td class=\"tg-s268\"><span style=\"color: #565656;\">1 Jahre<\/span><\/td>\n<td class=\"tg-s268\"><span style=\"color: #565656;\">Sch\u00fctz die Website vor einer bestimmten Art von Angriffen auf Webformulare.<\/span><\/td>\n<\/tr>\n<\/tbody>\n<\/table>\n<p>[\/vc_column_text][vc_column_text css_animation=&#8220;fadeInUp&#8220;]Die Informationen, die wir von den Cookies erhalten, sind f\u00fcr Lopesan wertvoll, da sie uns helfen, die Leistungen, die wir unseren Benutzern anbieten, zu verbessern. Obwohl wir Ihnen sehr dankbar sind, wenn Sie die Cookies der Seite www.lopesan.com zulassen, m\u00f6chten wir Sie daran erinnern, dass Sie Ihren Browser so konfigurieren k\u00f6nnen, dass er die Cookies, die wir Ihnen schicken, akzeptiert oder auch nicht oder dass Ihr Browser Sie benachrichtigt, wenn ein Dienstleister ein Cookie speichern m\u00f6chte:<\/p>\n<p>Microsoft Internet Explorer, in der Men\u00fc Ansicht, Internetoptionen ausw\u00e4hlen und auf erweiterte Optionen zugreifen.<\/p>\n<p>Firefox, im Men\u00fc Werkzeuge, Information der Seite ausw\u00e4hlen, Lizenzen, Cookies setzen.<\/p>\n<p>Opera, im Men\u00fc Konfiguration, Optionen ausw\u00e4hlen, erweiterte Registerkarte, Cookies.<\/p>\n<p>Im Fall, dass Sie einen anderen Browser anwenden, lesen Sie bitte im Handbuch desselbigen nach. Google hat au\u00dferdem ein zus\u00e4tzliches Programm f\u00fcr Browser entwickelt, welches das Senden von Daten an das Tool Google Analytics unm\u00f6glich macht. Dieses Programm kannst du hier herunterladen: https:\/\/tools.google.com\/dlpage\/gaoptout?hl=es.<\/p>\n<p><span style=\"color: #0089a9;\">\u00dcBER DIE VERWENDUNG VON GOOGLE ANALYTICS <\/span><\/p>\n<p>Diese Webseite verwendet Google Analytics, ein analytisches Internetservice, das von Google, Inc., angeboten wird, ein Delaware Unternehmen mit Hauptsitz in 1600 Amphitheatre Parkway, Mountain View (California), CA 94043, Vereinigte Staaten (Google).<\/p>\n<p>Google Analytics verwendet Cookies, die Textarchive sind, die sich in Ihrem Computer befinden. Diese helfen der Webseite, ihre Verwendung durch die Benutzer der Seite zu analysieren. Die Information \u00fcber die Verwendung der Webseite (inklusive Ihre IP Adresse), die durch das Cookie sichtbar wird von Google direkt \u00fcbertragen und in den Servern der Vereinigten Staaten archiviert.<\/p>\n<p>Google ben\u00fctzt diese Information in unserem Auftrag nur zum Zweck, Ihre Verwendung der Webseite nachverfolgen zu k\u00f6nnen. Es werden Berichte der Aktivit\u00e4t der Webseite gesammelt und zus\u00e4tzliche andere Dienste angeboten, die in Verbindung mit der Aktivit\u00e4t der Webseite und der Ben\u00fctzung des Internets stehen. Google kann die besagten Informationen an Dritte weitergeben, wenn dies die Gesetzgebung so verlangt oder wenn diese Dritte diese Informationen im Auftrag von Google verarbeiten. Google wird Ihre IP Adresse mit keinerlei anderen Daten, \u00fcber welche Google verf\u00fcgt, in Verbindung setzen.<\/p>\n<p>Sie haben die M\u00f6glichkeit, die Bearbeitung Ihrer Daten oder Ihrer Informationen abzulehnen, indem Sie die Cookies durch die Auswahl der entsprechenden Konfiguration in Ihrem Browser ausw\u00e4hlen. Trotzdem sollten Sie wissen, dass es m\u00f6glich sein kann, dass Sie nicht die gesamten Funktionen der Webseite n\u00fctzen k\u00f6nnen, wenn Sie diese Einstellungen vornehmen. Zudem k\u00f6nnen Sie die Verwendung der Cookies sowie die Verwendung der mit der Seite verbundenen Daten (inklusive Ihrer IP Adresse) von Google ablehnen und somit die Bearbeitung dieser Daten durch Google verhindern, indem Sie ein Plug-in herunterladen und installieren. Dieses Plug-in finden Sie unter folgendem Link: http:\/\/tools.google.com\/dlpage\/gaoptout?hl=de. Wenn Sie diese Webseite ben\u00fctzen, stimmen Sie der Verwendung der Sie betreffenden Informationen durch Google in der Form und zum Zweck wie oben beschrieben zu.[\/vc_column_text][\/vc_column][\/vc_row][vc_row css=&#8220;.vc_custom_1560962723695{background-color: rgba(242,239,237,0.42) !important;*background-color: rgb(242,239,237) !important;}&#8220;][vc_column]<div class=\"dfd-spacer-module\"  data-units=\"px\" data-wide_resolution=\"1280\" data-wide_size=\"60\" data-normal_resolution=\"1024\" data-normal_size=\"60\" data-tablet_resolution=\"800\" data-tablet_size=\"60\" data-mobile_resolution=\"480\" data-mobile_size=\"60\" style=\"height: 60px;\"><\/div>[\/vc_column][\/vc_row]<\/p>\n<\/div>","protected":false},"excerpt":{"rendered":"<p>[vc_row dfd_enable_overlay=&#8220;&#8220; css=&#8220;.vc_custom_1560965708944{padding-top: 60px !important;padding-right: 15px !important;padding-bottom: 60px !important;padding-left: 15px !important;}&#8220;][vc_column][vc_column_text css_animation=&#8220;fadeInUp&#8220;]Diese Webseite setzt Cookies ein. Ein Cookie ist ein kleines Textarchiv, das auf der Festplatte gespeichert werden kann, um<\/p>\n","protected":false},"author":2,"featured_media":0,"parent":0,"menu_order":97,"comment_status":"closed","ping_status":"closed","template":"page-custom-with-header.php","meta":{"_acf_changed":false,"footnotes":""},"categories":[],"tags":[],"class_list":["post-3162","page","type-page","status-publish","hentry"],"acf":[],"yoast_head":"<!-- This site is optimized with the Yoast SEO plugin v27.3 - https:\/\/yoast.com\/product\/yoast-seo-wordpress\/ -->\n<title>Cookies - Corallium Dunamar Hotel by Lopesan<\/title>\n<meta name=\"robots\" content=\"index, follow, max-snippet:-1, max-image-preview:large, max-video-preview:-1\" \/>\n<link rel=\"canonical\" href=\"https:\/\/coralliumdunamar.lopesan.com\/de\/cookies\/\" \/>\n<meta property=\"og:locale\" content=\"de_DE\" \/>\n<meta property=\"og:type\" content=\"article\" \/>\n<meta property=\"og:title\" content=\"Cookies - Corallium Dunamar Hotel by Lopesan\" \/>\n<meta property=\"og:description\" content=\"[vc_row dfd_enable_overlay=&#8220;&#8220; css=&#8220;.vc_custom_1560965708944{padding-top: 60px !important;padding-right: 15px !important;padding-bottom: 60px !important;padding-left: 15px !important;}&#8220;][vc_column][vc_column_text css_animation=&#8220;fadeInUp&#8220;]Diese Webseite setzt Cookies ein. Ein Cookie ist ein kleines Textarchiv, das auf der Festplatte gespeichert werden kann, um\" \/>\n<meta property=\"og:url\" content=\"https:\/\/coralliumdunamar.lopesan.com\/de\/cookies\/\" \/>\n<meta property=\"og:site_name\" content=\"Corallium Dunamar Hotel by Lopesan\" \/>\n<meta property=\"article:publisher\" content=\"https:\/\/www.facebook.com\/CoralliumDunamarbyLopesanHotels\/\" \/>\n<meta name=\"twitter:card\" content=\"summary_large_image\" \/>\n<meta name=\"twitter:site\" content=\"@lopesan\" \/>\n<meta name=\"twitter:label1\" content=\"Gesch\u00e4tzte Lesezeit\" \/>\n\t<meta name=\"twitter:data1\" content=\"6\u00a0Minuten\" \/>\n<script type=\"application\/ld+json\" class=\"yoast-schema-graph\">{\"@context\":\"https:\\\/\\\/schema.org\",\"@graph\":[{\"@type\":\"WebPage\",\"@id\":\"https:\\\/\\\/coralliumdunamar.lopesan.com\\\/de\\\/cookies\\\/\",\"url\":\"https:\\\/\\\/coralliumdunamar.lopesan.com\\\/de\\\/cookies\\\/\",\"name\":\"Cookies - Corallium Dunamar Hotel by Lopesan\",\"isPartOf\":{\"@id\":\"https:\\\/\\\/coralliumdunamar.lopesan.com\\\/de\\\/#website\"},\"datePublished\":\"2019-07-24T18:45:29+00:00\",\"breadcrumb\":{\"@id\":\"https:\\\/\\\/coralliumdunamar.lopesan.com\\\/de\\\/cookies\\\/#breadcrumb\"},\"inLanguage\":\"de\",\"potentialAction\":[{\"@type\":\"ReadAction\",\"target\":[\"https:\\\/\\\/coralliumdunamar.lopesan.com\\\/de\\\/cookies\\\/\"]}]},{\"@type\":\"BreadcrumbList\",\"@id\":\"https:\\\/\\\/coralliumdunamar.lopesan.com\\\/de\\\/cookies\\\/#breadcrumb\",\"itemListElement\":[{\"@type\":\"ListItem\",\"position\":1,\"name\":\"Home\",\"item\":\"https:\\\/\\\/coralliumdunamar.lopesan.com\\\/de\\\/\"},{\"@type\":\"ListItem\",\"position\":2,\"name\":\"Cookies\"}]},{\"@type\":\"WebSite\",\"@id\":\"https:\\\/\\\/coralliumdunamar.lopesan.com\\\/de\\\/#website\",\"url\":\"https:\\\/\\\/coralliumdunamar.lopesan.com\\\/de\\\/\",\"name\":\"Corallium Dunamar by Lopesan Hotels\",\"description\":\"Sitio Oficial - Consigue el mejor precio\",\"publisher\":{\"@id\":\"https:\\\/\\\/coralliumdunamar.lopesan.com\\\/de\\\/#organization\"},\"potentialAction\":[{\"@type\":\"SearchAction\",\"target\":{\"@type\":\"EntryPoint\",\"urlTemplate\":\"https:\\\/\\\/coralliumdunamar.lopesan.com\\\/de\\\/?s={search_term_string}\"},\"query-input\":{\"@type\":\"PropertyValueSpecification\",\"valueRequired\":true,\"valueName\":\"search_term_string\"}}],\"inLanguage\":\"de\"},{\"@type\":\"Organization\",\"@id\":\"https:\\\/\\\/coralliumdunamar.lopesan.com\\\/de\\\/#organization\",\"name\":\"Corallium Dunamar by Lopesan Hotels\",\"url\":\"https:\\\/\\\/coralliumdunamar.lopesan.com\\\/de\\\/\",\"logo\":{\"@type\":\"ImageObject\",\"inLanguage\":\"de\",\"@id\":\"https:\\\/\\\/coralliumdunamar.lopesan.com\\\/de\\\/#\\\/schema\\\/logo\\\/image\\\/\",\"url\":\"https:\\\/\\\/coralliumdunamar.lopesan.com\\\/wp-content\\\/uploads\\\/2019\\\/02\\\/Corallium_Dunamar_Logo_070.png\",\"contentUrl\":\"https:\\\/\\\/coralliumdunamar.lopesan.com\\\/wp-content\\\/uploads\\\/2019\\\/02\\\/Corallium_Dunamar_Logo_070.png\",\"width\":352,\"height\":70,\"caption\":\"Corallium Dunamar by Lopesan Hotels\"},\"image\":{\"@id\":\"https:\\\/\\\/coralliumdunamar.lopesan.com\\\/de\\\/#\\\/schema\\\/logo\\\/image\\\/\"},\"sameAs\":[\"https:\\\/\\\/www.facebook.com\\\/CoralliumDunamarbyLopesanHotels\\\/\",\"https:\\\/\\\/x.com\\\/lopesan\",\"https:\\\/\\\/www.instagram.com\\\/coralliumdunamar\\\/\"]}]}<\/script>\n<!-- \/ Yoast SEO plugin. -->","yoast_head_json":{"title":"Cookies - Corallium Dunamar Hotel by Lopesan","robots":{"index":"index","follow":"follow","max-snippet":"max-snippet:-1","max-image-preview":"max-image-preview:large","max-video-preview":"max-video-preview:-1"},"canonical":"https:\/\/coralliumdunamar.lopesan.com\/de\/cookies\/","og_locale":"de_DE","og_type":"article","og_title":"Cookies - Corallium Dunamar Hotel by Lopesan","og_description":"[vc_row dfd_enable_overlay=&#8220;&#8220; css=&#8220;.vc_custom_1560965708944{padding-top: 60px !important;padding-right: 15px !important;padding-bottom: 60px !important;padding-left: 15px !important;}&#8220;][vc_column][vc_column_text css_animation=&#8220;fadeInUp&#8220;]Diese Webseite setzt Cookies ein. Ein Cookie ist ein kleines Textarchiv, das auf der Festplatte gespeichert werden kann, um","og_url":"https:\/\/coralliumdunamar.lopesan.com\/de\/cookies\/","og_site_name":"Corallium Dunamar Hotel by Lopesan","article_publisher":"https:\/\/www.facebook.com\/CoralliumDunamarbyLopesanHotels\/","twitter_card":"summary_large_image","twitter_site":"@lopesan","twitter_misc":{"Gesch\u00e4tzte Lesezeit":"6\u00a0Minuten"},"schema":{"@context":"https:\/\/schema.org","@graph":[{"@type":"WebPage","@id":"https:\/\/coralliumdunamar.lopesan.com\/de\/cookies\/","url":"https:\/\/coralliumdunamar.lopesan.com\/de\/cookies\/","name":"Cookies - Corallium Dunamar Hotel by Lopesan","isPartOf":{"@id":"https:\/\/coralliumdunamar.lopesan.com\/de\/#website"},"datePublished":"2019-07-24T18:45:29+00:00","breadcrumb":{"@id":"https:\/\/coralliumdunamar.lopesan.com\/de\/cookies\/#breadcrumb"},"inLanguage":"de","potentialAction":[{"@type":"ReadAction","target":["https:\/\/coralliumdunamar.lopesan.com\/de\/cookies\/"]}]},{"@type":"BreadcrumbList","@id":"https:\/\/coralliumdunamar.lopesan.com\/de\/cookies\/#breadcrumb","itemListElement":[{"@type":"ListItem","position":1,"name":"Home","item":"https:\/\/coralliumdunamar.lopesan.com\/de\/"},{"@type":"ListItem","position":2,"name":"Cookies"}]},{"@type":"WebSite","@id":"https:\/\/coralliumdunamar.lopesan.com\/de\/#website","url":"https:\/\/coralliumdunamar.lopesan.com\/de\/","name":"Corallium Dunamar by Lopesan Hotels","description":"Sitio Oficial - Consigue el mejor precio","publisher":{"@id":"https:\/\/coralliumdunamar.lopesan.com\/de\/#organization"},"potentialAction":[{"@type":"SearchAction","target":{"@type":"EntryPoint","urlTemplate":"https:\/\/coralliumdunamar.lopesan.com\/de\/?s={search_term_string}"},"query-input":{"@type":"PropertyValueSpecification","valueRequired":true,"valueName":"search_term_string"}}],"inLanguage":"de"},{"@type":"Organization","@id":"https:\/\/coralliumdunamar.lopesan.com\/de\/#organization","name":"Corallium Dunamar by Lopesan Hotels","url":"https:\/\/coralliumdunamar.lopesan.com\/de\/","logo":{"@type":"ImageObject","inLanguage":"de","@id":"https:\/\/coralliumdunamar.lopesan.com\/de\/#\/schema\/logo\/image\/","url":"https:\/\/coralliumdunamar.lopesan.com\/wp-content\/uploads\/2019\/02\/Corallium_Dunamar_Logo_070.png","contentUrl":"https:\/\/coralliumdunamar.lopesan.com\/wp-content\/uploads\/2019\/02\/Corallium_Dunamar_Logo_070.png","width":352,"height":70,"caption":"Corallium Dunamar by Lopesan Hotels"},"image":{"@id":"https:\/\/coralliumdunamar.lopesan.com\/de\/#\/schema\/logo\/image\/"},"sameAs":["https:\/\/www.facebook.com\/CoralliumDunamarbyLopesanHotels\/","https:\/\/x.com\/lopesan","https:\/\/www.instagram.com\/coralliumdunamar\/"]}]}},"_links":{"self":[{"href":"https:\/\/coralliumdunamar.lopesan.com\/de\/wp-json\/wp\/v2\/pages\/3162","targetHints":{"allow":["GET"]}}],"collection":[{"href":"https:\/\/coralliumdunamar.lopesan.com\/de\/wp-json\/wp\/v2\/pages"}],"about":[{"href":"https:\/\/coralliumdunamar.lopesan.com\/de\/wp-json\/wp\/v2\/types\/page"}],"author":[{"embeddable":true,"href":"https:\/\/coralliumdunamar.lopesan.com\/de\/wp-json\/wp\/v2\/users\/2"}],"replies":[{"embeddable":true,"href":"https:\/\/coralliumdunamar.lopesan.com\/de\/wp-json\/wp\/v2\/comments?post=3162"}],"version-history":[{"count":1,"href":"https:\/\/coralliumdunamar.lopesan.com\/de\/wp-json\/wp\/v2\/pages\/3162\/revisions"}],"predecessor-version":[{"id":3163,"href":"https:\/\/coralliumdunamar.lopesan.com\/de\/wp-json\/wp\/v2\/pages\/3162\/revisions\/3163"}],"wp:attachment":[{"href":"https:\/\/coralliumdunamar.lopesan.com\/de\/wp-json\/wp\/v2\/media?parent=3162"}],"wp:term":[{"taxonomy":"category","embeddable":true,"href":"https:\/\/coralliumdunamar.lopesan.com\/de\/wp-json\/wp\/v2\/categories?post=3162"},{"taxonomy":"post_tag","embeddable":true,"href":"https:\/\/coralliumdunamar.lopesan.com\/de\/wp-json\/wp\/v2\/tags?post=3162"}],"curies":[{"name":"wp","href":"https:\/\/api.w.org\/{rel}","templated":true}]}}